{"id":1868,"date":"2023-02-01T18:06:35","date_gmt":"2023-02-01T17:06:35","guid":{"rendered":"https:\/\/www.imalpal.com\/our-group\/"},"modified":"2025-04-03T16:16:20","modified_gmt":"2025-04-03T14:16:20","slug":"il-nostro-gruppo","status":"publish","type":"page","link":"https:\/\/www.imalpal.com\/it\/il-nostro-gruppo\/","title":{"rendered":"Il Nostro Gruppo"},"content":{"rendered":"<section id=\"slider-block_dd0cc1ac0ecdb861aa5a05dbe6d8dab5\" class=\"slider\">\n\n    <div class=\"splide bh-splide\" aria-label=\"\">\n        <div class=\"splide__track\">\n            <ul class=\"splide__list\">\n\n                                        <li class=\"splide__slide\">\n                            <div class='splide__content'>\n                                <div class=\"splide__content_title\">\n                                    <div class=\"grid-container\">\n                                      <div class=\"grid-x\">\n                                        <div class=\"cell small-12 large-6\">\n                                            <h1>Il nostro Gruppo<\/h1>\n<p>Un partner affidabile e competitivo per la fornitura di macchine e linee complete di produzione per prodotti a base di legno.<\/p>\n                                                                                <\/div>\n                                                                    <\/div>\n                            <\/div>\n                        <\/div>\n                        <div class=\"splide__content_background\">\n                                                            <img decoding=\"async\" src=\"https:\/\/www.imalpal.com\/jorgoori\/2023\/03\/IMALPAL-OurGroup-Hero.jpg\">\n                                                        <\/div>\n                    <\/div>\n                <\/li>\n                    <\/ul>\n<\/div>\n<\/div>\n<\/section>\n\n<section id=\"grid-block_99a5979efe9d975a6ddec0700d419539\" class=\"grid grey padding x6\" >\n            <div class=\"grid-container\" data-aos=\"fade-up\" data-aos-duration=\"300\" data-aos-easing=\"ease-in-out\" data-aos-mirror=\"false\" data-aos-once=\"true\">\n        \n          \n\n                \n        <div class=\"grid-x grid-padding-x align-stretch\" data-aos=\"fade-up\" data-aos-duration=\"600\" data-aos-easing=\"ease-in-out\" data-aos-mirror=\"false\" data-aos-once=\"true\">\n                            <div class=\"cell small-12 large-4\"><h2>La nostra storia<\/h2>\n<p>La nostra \u00e8 una storia fatta di passione, impegno e sinergia. \u00c8 la storia di tre aziende che hanno presto compreso che il tutto vale pi\u00f9 della somma delle sue parti. <\/p>\n<p><a class=\"button primary\" href=\"https:\/\/www.imalpal.com\/it\/la-nostra-storia\/\">SCOPRI DI PI\u00d9<\/a><\/p>\n                            <\/div>\n                        <div class=\"cell small-12 large-8\">                                    <img decoding=\"async\" class=\"fullwidth\" src=\"https:\/\/www.imalpal.com\/jorgoori\/2023\/03\/IMALPAL-History.jpg\">\n                                <\/div>\n                <\/div>\n\n\n<\/div>\n<\/section>\n\n<section id=\"grid-block_027592eb33220273a2c1d695771d67d9\" class=\"grid white padding x6\" >\n            <div class=\"grid-container\" data-aos=\"fade-up\" data-aos-duration=\"300\" data-aos-easing=\"ease-in-out\" data-aos-mirror=\"false\" data-aos-once=\"true\">\n        \n          \n\n                \n        <div class=\"grid-x grid-padding-x align-stretch\" data-aos=\"fade-up\" data-aos-duration=\"600\" data-aos-easing=\"ease-in-out\" data-aos-mirror=\"false\" data-aos-once=\"true\">\n                            <div class=\"cell small-12 large-8\">                                    <img decoding=\"async\" class=\"fullwidth\" src=\"https:\/\/www.imalpal.com\/jorgoori\/2023\/03\/IMALPAL-Products.jpg\">\n                                <\/div>\n                        <div class=\"cell small-12 large-4\"><h2>I nostri prodotti<\/h2>\n<p>Le macchine e i sistemi prodotti dal Gruppo IMALPAL sono noti nel mondo per la loro alta qualit\u00e0 di costruzione e design, equipaggiate con i pi\u00f9 avanzati software di controllo del processo consentono ai clienti di raggiungere la migliore qualit\u00e0 di prodotto e di ridurne i costi di produzione.<\/p>\n<p><a class=\"button primary\" href=\"https:\/\/www.imalpal.com\/it\/prodotti\/\">SCOPRI DI PI\u00d9<\/a> <\/p>\n                            <\/div>\n                <\/div>\n\n\n<\/div>\n<\/section>\n\n<section id=\"grid-block_bb3bc5186e314119051599222edafe41\" class=\"grid white padding x6\" >\n            <div class=\"grid-container\" data-aos=\"fade-up\" data-aos-duration=\"300\" data-aos-easing=\"ease-in-out\" data-aos-mirror=\"false\" data-aos-once=\"true\">\n        \n          \n\n                \n        <div class=\"grid-x grid-padding-x align-stretch\" data-aos=\"fade-up\" data-aos-duration=\"600\" data-aos-easing=\"ease-in-out\" data-aos-mirror=\"false\" data-aos-once=\"true\">\n                            <div class=\"cell small-12 large-8\">                                    <img decoding=\"async\" class=\"fullwidth\" src=\"https:\/\/www.imalpal.com\/jorgoori\/2023\/03\/IMALPAL-Certifications.jpg\">\n                                <\/div>\n                        <div class=\"cell small-12 large-4\"><h1>Certificazioni<\/h1>\n<p>Un impegno certificato e garantito.<\/p>\n<p><a class=\"button primary\" href=\"https:\/\/www.imalpal.com\/it\/certificazioni\/\">SCOPRI DI PI\u00d9<\/a><\/p>\n                            <\/div>\n                <\/div>\n\n\n<\/div>\n<\/section>\n\n<section id=\"grid-block_d6f23cf6b9683e6c8272c3881aaa2876\" class=\"grid grey padding x6\" >\n            <div class=\"grid-container\" data-aos=\"fade-up\" data-aos-duration=\"300\" data-aos-easing=\"ease-in-out\" data-aos-mirror=\"false\" data-aos-once=\"true\">\n        \n                    <div class=\"grid-x grid-margin-x\">\n                                    <div class=\"cell small-12\">\n                        <h2>Ultime notizie e articoli<\/h2>\n                    <\/div>\n                 \n                 \n            <\/div>\n            <div class=\"spacer x2\"><\/div>\n          \n\n                \n        <div class=\"grid-x grid-padding-x align-stretch small-up-1 medium-up-2 large-up-3\" data-aos=\"fade-up\" data-aos-duration=\"600\" data-aos-easing=\"ease-in-out\" data-aos-mirror=\"false\" data-aos-once=\"true\">\n                                    <div class=\"cell\">\n\n                                                            <a class=\"equalize\" href=\"https:\/\/www.imalpal.com\/it\/ligna-2025\/\">\n                                                                                                <div class=\"card white \">\n                                                                            <div style=\"overflow: hidden;\">\n                                          <img loading=\"lazy\" decoding=\"async\" width=\"441\" height=\"310\" src=\"https:\/\/www.imalpal.com\/jorgoori\/2023\/04\/ligna-441x310.jpg\" class=\"attachment-card-image size-card-image wp-post-image\" alt=\"\" \/>                                      <\/div>\n                                                                                                        <div class=\"card-section\">\n                                                                                                                            15 Maggio 2025                                                                                <h4 >LIGNA 2025<\/h4>\n                                        <p ><\/p>\n                                    <\/div>\n                                             \n                            <\/div> \n                                                                                    <\/a>\n                                            <\/div>                           \n                                            <div class=\"cell\">\n\n                                                            <a class=\"equalize\" href=\"https:\/\/www.imalpal.com\/it\/ewta-info-fair-2024\/\">\n                                                                                                <div class=\"card white \">\n                                                                            <div style=\"overflow: hidden;\">\n                                          <img loading=\"lazy\" decoding=\"async\" width=\"440\" height=\"310\" src=\"https:\/\/www.imalpal.com\/jorgoori\/2024\/07\/anteprima-440x310-px-EWTA-100.jpg\" class=\"attachment-card-image size-card-image wp-post-image\" alt=\"\" srcset=\"https:\/\/www.imalpal.com\/jorgoori\/2024\/07\/anteprima-440x310-px-EWTA-100.jpg 441w, https:\/\/www.imalpal.com\/jorgoori\/2024\/07\/anteprima-440x310-px-EWTA-100-300x212.jpg 300w\" sizes=\"auto, (max-width: 639px) 98vw, (max-width: 1199px) 64vw, 440px\" \/>                                      <\/div>\n                                                                                                        <div class=\"card-section\">\n                                                                                                                            10 Luglio 2024                                                                                <h4 >EWTA INFO FAIR 2024<\/h4>\n                                        <p ><\/p>\n                                    <\/div>\n                                             \n                            <\/div> \n                                                                                    <\/a>\n                                            <\/div>                           \n                                            <div class=\"cell\">\n\n                                                            <a class=\"equalize\" href=\"https:\/\/www.imalpal.com\/it\/timber-processing-and-energy-expo-2024\/\">\n                                                                                                <div class=\"card white \">\n                                                                            <div style=\"overflow: hidden;\">\n                                          <img loading=\"lazy\" decoding=\"async\" width=\"440\" height=\"310\" src=\"https:\/\/www.imalpal.com\/jorgoori\/2024\/07\/anteprima-440x310-px-timber.png\" class=\"attachment-card-image size-card-image wp-post-image\" alt=\"\" srcset=\"https:\/\/www.imalpal.com\/jorgoori\/2024\/07\/anteprima-440x310-px-timber.png 441w, https:\/\/www.imalpal.com\/jorgoori\/2024\/07\/anteprima-440x310-px-timber-300x212.png 300w\" sizes=\"auto, (max-width: 639px) 98vw, (max-width: 1199px) 64vw, 440px\" \/>                                      <\/div>\n                                                                                                        <div class=\"card-section\">\n                                                                                                                            10 Luglio 2024                                                                                <h4 >TIMBER PROCESSING AND ENERGY EXPO 2024<\/h4>\n                                        <p ><\/p>\n                                    <\/div>\n                                             \n                            <\/div> \n                                                                                    <\/a>\n                                            <\/div>                           \n                    <\/div>\n\n    <div class=\"grid-x grid-margin-x\">\n        <div class=\"cell small-12\">\n            <div class=\"spacer x2\"><\/div>\n            <a href=\"https:\/\/www.imalpal.com\/it\/news-press\/\" class=\"button\">AREA STAMPA<\/a>\n        <\/div>\n    <\/div>\n\n<\/div>\n<\/section>\n\n<section id=\"grid-block_6b62e2df16a90fbefad8472ea10d49c3\" class=\"grid grey  no-padding-top padding x6\" >\n            <div class=\"grid-container\" data-aos=\"fade-up\" data-aos-duration=\"300\" data-aos-easing=\"ease-in-out\" data-aos-mirror=\"false\" data-aos-once=\"true\">\n        \n                    <div class=\"grid-x grid-margin-x\">\n                                    <div class=\"cell small-12\">\n                        <h2>Lavora con noi<\/h2>\n                    <\/div>\n                 \n                                    <div class=\"cell small-12 large-8\">\n                        <p>Vuoi entrare a far parte del nostro team? <\/p>\n                    <\/div>\n                 \n            <\/div>\n            <div class=\"spacer x2\"><\/div>\n          \n\n                \n        <div class=\"grid-x grid-padding-x align-stretch small-up-1 medium-up-2 large-up-3\" data-aos=\"fade-up\" data-aos-duration=\"600\" data-aos-easing=\"ease-in-out\" data-aos-mirror=\"false\" data-aos-once=\"true\">\n                                    <div class=\"cell\">\n\n                                                            <a class=\"equalize\" href=\"https:\/\/www.imalpal.com\/it\/careers\/progettista-meccanico-di-macchine-senior\/\">\n                                                                                                <div class=\"card white allrounded \">\n                                                                                                          <div class=\"card-section\">\n                                                                                    <label class=\"label primary\">CAREERS<\/label>\n                                                                                                                            2 Aprile 2026                                                                                <h4 >Progettista Meccanico di Macchine SENIOR<\/h4>\n                                        <p ><p>Luogo di lavoro: PONTE DI PIAVE (TV)<\/p>\n<\/p>\n                                    <\/div>\n                                             \n                            <\/div> \n                                                                                    <\/a>\n                                            <\/div>                           \n                                            <div class=\"cell\">\n\n                                                            <a class=\"equalize\" href=\"https:\/\/www.imalpal.com\/it\/careers\/progettista-meccanico-di-macchine-junior\/\">\n                                                                                                <div class=\"card white allrounded \">\n                                                                                                          <div class=\"card-section\">\n                                                                                    <label class=\"label primary\">CAREERS<\/label>\n                                                                                                                            2 Aprile 2026                                                                                <h4 >Progettista Meccanico di Macchine JUNIOR<\/h4>\n                                        <p ><p>Luogo di lavoro: PONTE DI PIAVE (TV)<\/p>\n<\/p>\n                                    <\/div>\n                                             \n                            <\/div> \n                                                                                    <\/a>\n                                            <\/div>                           \n                                            <div class=\"cell\">\n\n                                                            <a class=\"equalize\" href=\"https:\/\/www.imalpal.com\/it\/careers\/progettista-meccanico-di-impianti-senior\/\">\n                                                                                                <div class=\"card white allrounded \">\n                                                                                                          <div class=\"card-section\">\n                                                                                    <label class=\"label primary\">CAREERS<\/label>\n                                                                                                                            2 Aprile 2026                                                                                <h4 >Progettista Meccanico di Impianti Senior<\/h4>\n                                        <p ><p>Luogo di lavoro: PONTE DI PIAVE (TV)<\/p>\n<\/p>\n                                    <\/div>\n                                             \n                            <\/div> \n                                                                                    <\/a>\n                                            <\/div>                           \n                    <\/div>\n\n    <div class=\"grid-x grid-margin-x\">\n        <div class=\"cell small-12\">\n            <div class=\"spacer x2\"><\/div>\n            <a href=\"https:\/\/www.imalpal.com\/it\/lavora-con-noi\/\" class=\"button\">VEDI TUTTE LE POSIZIONI APERTE<\/a>\n        <\/div>\n    <\/div>\n\n<\/div>\n<\/section>","protected":false},"excerpt":{"rendered":"","protected":false},"author":2,"featured_media":0,"parent":0,"menu_order":0,"comment_status":"closed","ping_status":"closed","template":"","meta":{"footnotes":""},"class_list":["post-1868","page","type-page","status-publish","hentry"],"yoast_head":"\n<title>Il Nostro Gruppo - Imalpal Group<\/title>\n<meta name=\"robots\" content=\"index, follow, max-snippet:-1, max-image-preview:large, max-video-preview:-1\" \/>\n<link rel=\"canonical\" href=\"https:\/\/www.imalpal.com\/it\/il-nostro-gruppo\/\" \/>\n<meta property=\"og:locale\" content=\"it_IT\" \/>\n<meta property=\"og:type\" content=\"article\" \/>\n<meta property=\"og:title\" content=\"Il Nostro Gruppo - Imalpal Group\" \/>\n<meta property=\"og:url\" content=\"https:\/\/www.imalpal.com\/it\/il-nostro-gruppo\/\" \/>\n<meta property=\"og:site_name\" content=\"Imalpal Group\" \/>\n<meta property=\"article:modified_time\" content=\"2025-04-03T14:16:20+00:00\" \/>\n<meta name=\"twitter:card\" content=\"summary_large_image\" \/>\n<meta name=\"twitter:label1\" content=\"Tempo di lettura stimato\" \/>\n\t<meta name=\"twitter:data1\" content=\"2 minuti\" \/>\n<script type=\"application\/ld+json\" class=\"yoast-schema-graph\">{\"@context\":\"https:\/\/schema.org\",\"@graph\":[{\"@type\":\"WebPage\",\"@id\":\"https:\/\/www.imalpal.com\/it\/il-nostro-gruppo\/\",\"url\":\"https:\/\/www.imalpal.com\/it\/il-nostro-gruppo\/\",\"name\":\"Il Nostro Gruppo - Imalpal Group\",\"isPartOf\":{\"@id\":\"https:\/\/www.imalpal.com\/#website\"},\"datePublished\":\"2023-02-01T17:06:35+00:00\",\"dateModified\":\"2025-04-03T14:16:20+00:00\",\"breadcrumb\":{\"@id\":\"https:\/\/www.imalpal.com\/it\/il-nostro-gruppo\/#breadcrumb\"},\"inLanguage\":\"it-IT\",\"potentialAction\":[{\"@type\":\"ReadAction\",\"target\":[\"https:\/\/www.imalpal.com\/it\/il-nostro-gruppo\/\"]}]},{\"@type\":\"BreadcrumbList\",\"@id\":\"https:\/\/www.imalpal.com\/it\/il-nostro-gruppo\/#breadcrumb\",\"itemListElement\":[{\"@type\":\"ListItem\",\"position\":1,\"name\":\"Home\",\"item\":\"https:\/\/www.imalpal.com\/it\/\"},{\"@type\":\"ListItem\",\"position\":2,\"name\":\"Il Nostro Gruppo\"}]},{\"@type\":\"WebSite\",\"@id\":\"https:\/\/www.imalpal.com\/#website\",\"url\":\"https:\/\/www.imalpal.com\/\",\"name\":\"Imalpal Group\",\"description\":\"Growing with you\",\"potentialAction\":[{\"@type\":\"SearchAction\",\"target\":{\"@type\":\"EntryPoint\",\"urlTemplate\":\"https:\/\/www.imalpal.com\/?s={search_term_string}\"},\"query-input\":{\"@type\":\"PropertyValueSpecification\",\"valueRequired\":true,\"valueName\":\"search_term_string\"}}],\"inLanguage\":\"it-IT\"}]}<\/script>\n","yoast_head_json":{"title":"Il Nostro Gruppo - Imalpal Group","robots":{"index":"index","follow":"follow","max-snippet":"max-snippet:-1","max-image-preview":"max-image-preview:large","max-video-preview":"max-video-preview:-1"},"canonical":"https:\/\/www.imalpal.com\/it\/il-nostro-gruppo\/","og_locale":"it_IT","og_type":"article","og_title":"Il Nostro Gruppo - Imalpal Group","og_url":"https:\/\/www.imalpal.com\/it\/il-nostro-gruppo\/","og_site_name":"Imalpal Group","article_modified_time":"2025-04-03T14:16:20+00:00","twitter_card":"summary_large_image","twitter_misc":{"Tempo di lettura stimato":"2 minuti"},"schema":{"@context":"https:\/\/schema.org","@graph":[{"@type":"WebPage","@id":"https:\/\/www.imalpal.com\/it\/il-nostro-gruppo\/","url":"https:\/\/www.imalpal.com\/it\/il-nostro-gruppo\/","name":"Il Nostro Gruppo - Imalpal Group","isPartOf":{"@id":"https:\/\/www.imalpal.com\/#website"},"datePublished":"2023-02-01T17:06:35+00:00","dateModified":"2025-04-03T14:16:20+00:00","breadcrumb":{"@id":"https:\/\/www.imalpal.com\/it\/il-nostro-gruppo\/#breadcrumb"},"inLanguage":"it-IT","potentialAction":[{"@type":"ReadAction","target":["https:\/\/www.imalpal.com\/it\/il-nostro-gruppo\/"]}]},{"@type":"BreadcrumbList","@id":"https:\/\/www.imalpal.com\/it\/il-nostro-gruppo\/#breadcrumb","itemListElement":[{"@type":"ListItem","position":1,"name":"Home","item":"https:\/\/www.imalpal.com\/it\/"},{"@type":"ListItem","position":2,"name":"Il Nostro Gruppo"}]},{"@type":"WebSite","@id":"https:\/\/www.imalpal.com\/#website","url":"https:\/\/www.imalpal.com\/","name":"Imalpal Group","description":"Growing with you","potentialAction":[{"@type":"SearchAction","target":{"@type":"EntryPoint","urlTemplate":"https:\/\/www.imalpal.com\/?s={search_term_string}"},"query-input":{"@type":"PropertyValueSpecification","valueRequired":true,"valueName":"search_term_string"}}],"inLanguage":"it-IT"}]}},"acf":[],"_links":{"self":[{"href":"https:\/\/www.imalpal.com\/it\/wp-json\/wp\/v2\/pages\/1868","targetHints":{"allow":["GET"]}}],"collection":[{"href":"https:\/\/www.imalpal.com\/it\/wp-json\/wp\/v2\/pages"}],"about":[{"href":"https:\/\/www.imalpal.com\/it\/wp-json\/wp\/v2\/types\/page"}],"author":[{"embeddable":true,"href":"https:\/\/www.imalpal.com\/it\/wp-json\/wp\/v2\/users\/2"}],"replies":[{"embeddable":true,"href":"https:\/\/www.imalpal.com\/it\/wp-json\/wp\/v2\/comments?post=1868"}],"version-history":[{"count":28,"href":"https:\/\/www.imalpal.com\/it\/wp-json\/wp\/v2\/pages\/1868\/revisions"}],"predecessor-version":[{"id":8622,"href":"https:\/\/www.imalpal.com\/it\/wp-json\/wp\/v2\/pages\/1868\/revisions\/8622"}],"wp:attachment":[{"href":"https:\/\/www.imalpal.com\/it\/wp-json\/wp\/v2\/media?parent=1868"}],"curies":[{"name":"wp","href":"https:\/\/api.w.org\/{rel}","templated":true}]}}