{"id":1878,"date":"2023-02-15T10:18:25","date_gmt":"2023-02-15T09:18:25","guid":{"rendered":"https:\/\/www.imalpal.com\/our-history\/"},"modified":"2023-05-15T16:31:57","modified_gmt":"2023-05-15T14:31:57","slug":"la-nostra-storia","status":"publish","type":"page","link":"https:\/\/www.imalpal.com\/it\/la-nostra-storia\/","title":{"rendered":"La nostra storia"},"content":{"rendered":"<section id=\"grid-block_053a518a8f394ecbf4542f9ed15a1ff5\" class=\"grid padding x6\" >\n            <div class=\"grid-container\" data-aos=\"fade-up\" data-aos-duration=\"300\" data-aos-easing=\"ease-in-out\" data-aos-mirror=\"false\" data-aos-once=\"true\">\n        \n          \n\n                \n        <div class=\"grid-x grid-padding-x align-stretch\" data-aos=\"fade-up\" data-aos-duration=\"600\" data-aos-easing=\"ease-in-out\" data-aos-mirror=\"false\" data-aos-once=\"true\">\n                            <div class=\"cell small-12 large-5\"><h1>Strade convergenti<\/h1>\n<p>La prima nata tra le aziende che formeranno poi il Gruppo IMALPAL fu IMAL, nel 1970. Nei suoi primi anni di attivit\u00e0 IMAL si specializza nei sistemi di dosaggio e miscelazione. Negli anni seguenti l\u2019azienda, in forte crescita e grazie a un coeso team di esperti ingegneri, investe nella progettazione e produzione di macchine per il controllo qualit\u00e0 in linea, di attrezzature per test di laboratorio.<\/p>\n<p>Nel frattempo, nel 1978, nasce PAL pioniera nei sistemi di selezione, classificazione e pulizia dei materiali in ingresso. Sempre in quegli anni, avvia la sua attivit\u00e0 anche GLOBUS. <\/p>\n<p>\u00c8 il 1981. L\u2019azienda si specializza fin da subito in sistemi di scortecciatura, cippatura e in tutte le attrezzature che permettono la gestione del parco legname e la preparazione del materiale in ingresso.<br \/>\nTre aziende apparentemente distanti che hanno per\u00f2 in comune la volont\u00e0 di essere le migliori nel loro ambito, tutte spronate a fare di pi\u00f9 e a farlo sempre meglio.<\/p>\n                            <\/div>\n                        <div class=\"cell small-12 large-7\">                                    <img decoding=\"async\" class=\"fullwidth\" src=\"https:\/\/www.imalpal.com\/jorgoori\/2023\/05\/IMALPAL-OurGroup-History-2.jpg\">\n                                <\/div>\n                <\/div>\n\n\n<\/div>\n<\/section>\n\n<section id=\"grid-block_2c8143480f1651a73773afa1a14b2559\" class=\"grid white padding x6\" >\n            <div class=\"grid-container\" data-aos=\"fade-up\" data-aos-duration=\"300\" data-aos-easing=\"ease-in-out\" data-aos-mirror=\"false\" data-aos-once=\"true\">\n        \n          \n\n                \n        <div class=\"grid-x grid-padding-x align-stretch\" data-aos=\"fade-up\" data-aos-duration=\"600\" data-aos-easing=\"ease-in-out\" data-aos-mirror=\"false\" data-aos-once=\"true\">\n                            <div class=\"cell small-12 large-7\">                                    <img decoding=\"async\" class=\"fullwidth\" src=\"https:\/\/www.imalpal.com\/jorgoori\/2023\/03\/IMALPAL-OurGroup-History-2-scaled.jpg\">\n                                <\/div>\n                        <div class=\"cell small-12 large-5\"><h2>L\u2019unione che ha fatto la forza<\/h2>\n<p>Con il tempo, i confini tra i campi di competenza di ciascuna azienda diventano sempre meno definiti e il know-how di una diventa indispensabile all\u2019altra e viceversa. <\/p>\n<p>Dapprima IMAL e PAL stringono una partnership che loro stessi definiscono \u201csinergia\u201d. \u00c8 il 1998. Passano dieci anni e nel 2008 consolidano questa sinergia e danno vita al Gruppo IMALPAL. Nel 2012 il Gruppo si allarga con l\u2019ingresso di Globus.<\/p>\n<p>In anni pi\u00f9 recenti, attraverso fusioni e acquisizioni, si aggiungono PSP, PMI e ITALSORT, completando e ampliando cos\u00ec le potenzialit\u00e0 del Gruppo.<\/p>\n                            <\/div>\n                <\/div>\n\n\n<\/div>\n<\/section>\n\n<section id=\"grid-block_eddb50a5971c0ae88e650b2f963c2d5a\" class=\"grid grey padding x6\" >\n            <div class=\"grid-container\" data-aos=\"fade-up\" data-aos-duration=\"300\" data-aos-easing=\"ease-in-out\" data-aos-mirror=\"false\" data-aos-once=\"true\">\n        \n          \n\n                \n        <div class=\"grid-x grid-padding-x align-stretch\" data-aos=\"fade-up\" data-aos-duration=\"600\" data-aos-easing=\"ease-in-out\" data-aos-mirror=\"false\" data-aos-once=\"true\">\n                            <div class=\"cell small-12 large-5\"><h2>Cresciamo con voi<\/h2>\n<p>Negli ultimi dieci anni, nel suo impegno continuo di evolvere e progredire, il gruppo ha adattato e applicato la sua lunga esperienza, know-how e soluzioni innovative per entrare in nuovi mercati nell\u2019industria del legno come ad esempio impianti energetici di biomassa, sistemi di essiccazione e produzione di energia. <\/p>\n<p>Di recente, il gruppo ha anche sviluppato nuovi sistemi per il trattamento dei rifiuti industriali e municipali per ottimizzare il recupero di materiale da utilizzare per la produzione di energia e minimizzare i rifiuti destinati alle discariche.<\/p>\n                            <\/div>\n                        <div class=\"cell small-12 large-7\">                                    <img decoding=\"async\" class=\"fullwidth\" src=\"https:\/\/www.imalpal.com\/jorgoori\/2023\/02\/Gruppo-di-maschere-65.png\">\n                                <\/div>\n                <\/div>\n\n\n<\/div>\n<\/section>","protected":false},"excerpt":{"rendered":"","protected":false},"author":2,"featured_media":0,"parent":0,"menu_order":0,"comment_status":"closed","ping_status":"closed","template":"","meta":{"footnotes":""},"class_list":["post-1878","page","type-page","status-publish","hentry"],"yoast_head":"\n<title>La nostra storia - Imalpal Group<\/title>\n<meta name=\"robots\" content=\"index, follow, max-snippet:-1, max-image-preview:large, max-video-preview:-1\" \/>\n<link rel=\"canonical\" href=\"https:\/\/www.imalpal.com\/it\/la-nostra-storia\/\" \/>\n<meta property=\"og:locale\" content=\"it_IT\" \/>\n<meta property=\"og:type\" content=\"article\" \/>\n<meta property=\"og:title\" content=\"La nostra storia - Imalpal Group\" \/>\n<meta property=\"og:url\" content=\"https:\/\/www.imalpal.com\/it\/la-nostra-storia\/\" \/>\n<meta property=\"og:site_name\" content=\"Imalpal Group\" \/>\n<meta property=\"article:modified_time\" content=\"2023-05-15T14:31:57+00:00\" \/>\n<meta name=\"twitter:card\" content=\"summary_large_image\" \/>\n<script type=\"application\/ld+json\" class=\"yoast-schema-graph\">{\"@context\":\"https:\/\/schema.org\",\"@graph\":[{\"@type\":\"WebPage\",\"@id\":\"https:\/\/www.imalpal.com\/it\/la-nostra-storia\/\",\"url\":\"https:\/\/www.imalpal.com\/it\/la-nostra-storia\/\",\"name\":\"La nostra storia - Imalpal Group\",\"isPartOf\":{\"@id\":\"https:\/\/www.imalpal.com\/#website\"},\"datePublished\":\"2023-02-15T09:18:25+00:00\",\"dateModified\":\"2023-05-15T14:31:57+00:00\",\"breadcrumb\":{\"@id\":\"https:\/\/www.imalpal.com\/it\/la-nostra-storia\/#breadcrumb\"},\"inLanguage\":\"it-IT\",\"potentialAction\":[{\"@type\":\"ReadAction\",\"target\":[\"https:\/\/www.imalpal.com\/it\/la-nostra-storia\/\"]}]},{\"@type\":\"BreadcrumbList\",\"@id\":\"https:\/\/www.imalpal.com\/it\/la-nostra-storia\/#breadcrumb\",\"itemListElement\":[{\"@type\":\"ListItem\",\"position\":1,\"name\":\"Home\",\"item\":\"https:\/\/www.imalpal.com\/it\/\"},{\"@type\":\"ListItem\",\"position\":2,\"name\":\"La nostra storia\"}]},{\"@type\":\"WebSite\",\"@id\":\"https:\/\/www.imalpal.com\/#website\",\"url\":\"https:\/\/www.imalpal.com\/\",\"name\":\"Imalpal Group\",\"description\":\"Growing with you\",\"potentialAction\":[{\"@type\":\"SearchAction\",\"target\":{\"@type\":\"EntryPoint\",\"urlTemplate\":\"https:\/\/www.imalpal.com\/?s={search_term_string}\"},\"query-input\":{\"@type\":\"PropertyValueSpecification\",\"valueRequired\":true,\"valueName\":\"search_term_string\"}}],\"inLanguage\":\"it-IT\"}]}<\/script>\n","yoast_head_json":{"title":"La nostra storia - Imalpal Group","robots":{"index":"index","follow":"follow","max-snippet":"max-snippet:-1","max-image-preview":"max-image-preview:large","max-video-preview":"max-video-preview:-1"},"canonical":"https:\/\/www.imalpal.com\/it\/la-nostra-storia\/","og_locale":"it_IT","og_type":"article","og_title":"La nostra storia - Imalpal Group","og_url":"https:\/\/www.imalpal.com\/it\/la-nostra-storia\/","og_site_name":"Imalpal Group","article_modified_time":"2023-05-15T14:31:57+00:00","twitter_card":"summary_large_image","schema":{"@context":"https:\/\/schema.org","@graph":[{"@type":"WebPage","@id":"https:\/\/www.imalpal.com\/it\/la-nostra-storia\/","url":"https:\/\/www.imalpal.com\/it\/la-nostra-storia\/","name":"La nostra storia - Imalpal Group","isPartOf":{"@id":"https:\/\/www.imalpal.com\/#website"},"datePublished":"2023-02-15T09:18:25+00:00","dateModified":"2023-05-15T14:31:57+00:00","breadcrumb":{"@id":"https:\/\/www.imalpal.com\/it\/la-nostra-storia\/#breadcrumb"},"inLanguage":"it-IT","potentialAction":[{"@type":"ReadAction","target":["https:\/\/www.imalpal.com\/it\/la-nostra-storia\/"]}]},{"@type":"BreadcrumbList","@id":"https:\/\/www.imalpal.com\/it\/la-nostra-storia\/#breadcrumb","itemListElement":[{"@type":"ListItem","position":1,"name":"Home","item":"https:\/\/www.imalpal.com\/it\/"},{"@type":"ListItem","position":2,"name":"La nostra storia"}]},{"@type":"WebSite","@id":"https:\/\/www.imalpal.com\/#website","url":"https:\/\/www.imalpal.com\/","name":"Imalpal Group","description":"Growing with you","potentialAction":[{"@type":"SearchAction","target":{"@type":"EntryPoint","urlTemplate":"https:\/\/www.imalpal.com\/?s={search_term_string}"},"query-input":{"@type":"PropertyValueSpecification","valueRequired":true,"valueName":"search_term_string"}}],"inLanguage":"it-IT"}]}},"acf":[],"_links":{"self":[{"href":"https:\/\/www.imalpal.com\/it\/wp-json\/wp\/v2\/pages\/1878","targetHints":{"allow":["GET"]}}],"collection":[{"href":"https:\/\/www.imalpal.com\/it\/wp-json\/wp\/v2\/pages"}],"about":[{"href":"https:\/\/www.imalpal.com\/it\/wp-json\/wp\/v2\/types\/page"}],"author":[{"embeddable":true,"href":"https:\/\/www.imalpal.com\/it\/wp-json\/wp\/v2\/users\/2"}],"replies":[{"embeddable":true,"href":"https:\/\/www.imalpal.com\/it\/wp-json\/wp\/v2\/comments?post=1878"}],"version-history":[{"count":7,"href":"https:\/\/www.imalpal.com\/it\/wp-json\/wp\/v2\/pages\/1878\/revisions"}],"predecessor-version":[{"id":4536,"href":"https:\/\/www.imalpal.com\/it\/wp-json\/wp\/v2\/pages\/1878\/revisions\/4536"}],"wp:attachment":[{"href":"https:\/\/www.imalpal.com\/it\/wp-json\/wp\/v2\/media?parent=1878"}],"curies":[{"name":"wp","href":"https:\/\/api.w.org\/{rel}","templated":true}]}}