{"id":2389,"date":"2023-02-02T12:12:20","date_gmt":"2023-02-02T11:12:20","guid":{"rendered":"https:\/\/www.imalpal.com\/group-companies\/"},"modified":"2025-03-14T09:16:37","modified_gmt":"2025-03-14T08:16:37","slug":"le-aziende-del-gruppo","status":"publish","type":"page","link":"https:\/\/www.imalpal.com\/it\/le-aziende-del-gruppo\/","title":{"rendered":"Le aziende del Gruppo"},"content":{"rendered":"<section id=\"slider-block_2277e8b51902c2838f98f840a40ebd1a\" class=\"slider\">\n\n    <div class=\"splide bh-splide\" aria-label=\"\">\n        <div class=\"splide__track\">\n            <ul class=\"splide__list\">\n\n                                        <li class=\"splide__slide\">\n                            <div class='splide__content'>\n                                <div class=\"splide__content_title\">\n                                    <div class=\"grid-container\">\n                                      <div class=\"grid-x\">\n                                        <div class=\"cell small-12 large-6\">\n                                            <h1>Le aziende del Gruppo<\/h1>\n<p>Il tutto vale di pi\u00f9 della semplice somma delle sue parti ma questo \u00e8 tanto pi\u00f9 vero quanto \u00e8 grande il valore delle parti che si sommano.<\/p>\n                                                                                <\/div>\n                                                                            <div class=\"cell small-12 large-6\">\n                                            <p><img decoding=\"async\" class=\"alignnone size-full wp-image-2112\" src=\"https:\/\/www.imalpal.com\/jorgoori\/2024\/06\/IMALPAL-GROUP-white-CON-UNIBELT.svg\" alt=\"\" \/><\/p>\n                                        <\/div>\n                                                                    <\/div>\n                            <\/div>\n                        <\/div>\n                        <div class=\"splide__content_background\">\n                                                            <img decoding=\"async\" src=\"https:\/\/www.imalpal.com\/jorgoori\/2023\/03\/IMALPAL-OurGroup-Companies-Hero.jpg\">\n                                                        <\/div>\n                    <\/div>\n                <\/li>\n                    <\/ul>\n<\/div>\n<\/div>\n<\/section>\n\n<section id=\"grid-block_b8bb38a9e651b7c916b9b4d64d6996f1\" class=\"grid grey padding x6\" >\n            <div class=\"grid-container\" data-aos=\"fade-up\" data-aos-duration=\"300\" data-aos-easing=\"ease-in-out\" data-aos-mirror=\"false\" data-aos-once=\"true\">\n        \n          \n\n                \n        <div class=\"grid-x grid-padding-x align-stretch\" data-aos=\"fade-up\" data-aos-duration=\"600\" data-aos-easing=\"ease-in-out\" data-aos-mirror=\"false\" data-aos-once=\"true\">\n                            <div class=\"cell small-12 large-4\"><p>Ciascuna azienda del Gruppo \u00e8 la massima esperta del proprio ambito di specializzazione e la convergenza e la sinergia di queste professionalit\u00e0 permettono di realizzare macchine e impianti completi in tutti i paesi del mondo.<\/p>\n                            <\/div>\n                        <div class=\"cell small-12 large-8\">                                    <img decoding=\"async\" class=\"fullwidth\" src=\"https:\/\/www.imalpal.com\/jorgoori\/2023\/05\/aree-impianto3.png\">\n                                <\/div>\n                <\/div>\n\n\n<\/div>\n<\/section>\n\n  \n\n    <div id=\"pin\">\n    <div class=\"bh-sticky\" data-top-anchor=\"pin:top\" data-check-every='0'>\n      <section id=\"inner-menu-block_78affa2219c9d7b0ecbe396954e21e2d\" class=\"\"data-smooth-scroll>\n        <div class=\"grid-container\">\n          <div class=\"grid-x grid-margin-x\">\n            <div class=\"large-12 small-12 cell\">\n              <ul class=\"menu internal expanded text-center vertical medium-horizontal\" >\n                                  <li>\n                    <a href=\"#imal\" >IMAL<\/a>\n                  <\/li>\n                                  <li>\n                    <a href=\"#pal\" >PAL<\/a>\n                  <\/li>\n                                  <li>\n                    <a href=\"#globus\" >GLOBUS<\/a>\n                  <\/li>\n                                  <li>\n                    <a href=\"#psp\" >PSP<\/a>\n                  <\/li>\n                                  <li>\n                    <a href=\"#italsort\" >ITALSORT<\/a>\n                  <\/li>\n                                  <li>\n                    <a href=\"#unibelt\" >UNIBELT<\/a>\n                  <\/li>\n                              <\/ul>\n            <\/div>\n          <\/div>\n        <\/div>\n      <\/section>\n    <\/div>\n    \n<section id=\"imal\" class=\"grid padding x6\" >\n            <div class=\"grid-container\" data-aos=\"fade-up\" data-aos-duration=\"300\" data-aos-easing=\"ease-in-out\" data-aos-mirror=\"false\" data-aos-once=\"true\">\n        \n          \n\n                \n        <div class=\"grid-x grid-padding-x align-stretch\" data-aos=\"fade-up\" data-aos-duration=\"600\" data-aos-easing=\"ease-in-out\" data-aos-mirror=\"false\" data-aos-once=\"true\">\n                            <div class=\"cell small-12 large-4\"><h2>IMAL<\/h2>\n<p>Produce e fornisce macchine e sistemi per la produzione e realizzazione di pannelli TRC\/SPB, MDF\/HDF, OSB\/LSB\/FOSB, pannelli isolanti, pellet, cubetti per pallet and prodotti a base di legno pressato in generale.<br \/>\nOltre alla fornitura di nuove linee di produzione e linee completamente ricondizionate, IMAL \u00e8 produttore leader in sistemi di dosaggio e incollaggio oltre ad essere un fornitore delle pi\u00f9 innovative macchine di controllo qualit\u00e0 da laboratorio e in linea.<\/p>\n<p>&nbsp;<\/p>\n<h6>MIGLIORE DELLA CLASSE PER:<\/h6>\n<ul>\n<li>Sistemi di dosaggio e incollaggio<\/li>\n<li>Essiccazione<\/li>\n<li>Tecnologia di pressatura continua<\/li>\n<li>Controlli di qualit\u00e0 da laboratorio e in linea<\/li>\n<li>Controllo del processo<\/li>\n<\/ul>\n                                    <img decoding=\"async\" class=\"\" src=\"https:\/\/www.imalpal.com\/jorgoori\/2023\/02\/IMALPAL-IMAL-2.svg\">\n                                <\/div>\n                        <div class=\"cell small-12 large-8\">                                    <img decoding=\"async\" class=\"fullwidth\" src=\"https:\/\/www.imalpal.com\/jorgoori\/2023\/02\/IMALPAL-Sede-3.jpg\">\n                                <\/div>\n                <\/div>\n\n\n<\/div>\n<\/section>\n\n<section id=\"pal\" class=\"grid padding x6\" >\n            <div class=\"grid-container\" data-aos=\"fade-up\" data-aos-duration=\"300\" data-aos-easing=\"ease-in-out\" data-aos-mirror=\"false\" data-aos-once=\"true\">\n        \n          \n\n                \n        <div class=\"grid-x grid-padding-x align-stretch\" data-aos=\"fade-up\" data-aos-duration=\"600\" data-aos-easing=\"ease-in-out\" data-aos-mirror=\"false\" data-aos-once=\"true\">\n                            <div class=\"cell small-12 large-4\"><h2>PAL<\/h2>\n<p>Realizza macchine per la produzione di pannelli a base di legno e con il suo vasto piano di produzione \u00e8 in grado di fornire impianti completi &#8220;chiavi in mano&#8221; per il trattamento e la lavorazione di legno vergine e riciclato sia a partire da materia prima fresca sia da materia prima secca per produrre prodotti di altissima qualit\u00e0.<\/p>\n<p>&nbsp;<\/p>\n<h6><strong>MIGLIORE DELLA CLASSE PER:<\/strong><\/h6>\n<ul>\n<li>Vagliatura<\/li>\n<li>Selezione fresco e secco<\/li>\n<li>Trattamento rifiuti e recycling<\/li>\n<\/ul>\n                                    <img decoding=\"async\" class=\"\" src=\"https:\/\/www.imalpal.com\/jorgoori\/2023\/02\/IMALPAL-PAL-2.svg\">\n                                <\/div>\n                        <div class=\"cell small-12 large-8\">                                    <img decoding=\"async\" class=\"fullwidth\" src=\"https:\/\/www.imalpal.com\/jorgoori\/2023\/02\/IMALPAL-Sede-1.jpg\">\n                                <\/div>\n                <\/div>\n\n\n<\/div>\n<\/section>\n\n<section id=\"globus\" class=\"grid padding x6\" >\n            <div class=\"grid-container\" data-aos=\"fade-up\" data-aos-duration=\"300\" data-aos-easing=\"ease-in-out\" data-aos-mirror=\"false\" data-aos-once=\"true\">\n        \n          \n\n                \n        <div class=\"grid-x grid-padding-x align-stretch\" data-aos=\"fade-up\" data-aos-duration=\"600\" data-aos-easing=\"ease-in-out\" data-aos-mirror=\"false\" data-aos-once=\"true\">\n                            <div class=\"cell small-12 large-4\"><h2>GLOBUS<\/h2>\n<div>\n<div>GLOBUS \u00e8 specializzata nella gestione del parco legno a partire dall&#8217;installazione di linee scortecciatura a tamburo, cippatori, mulini a coltelli e raffinatori, \u00e8 in grado di gestire qualsiasi capacit\u00e0 produttiva.<\/div>\n<div>L&#8217;azienda ha aggiunto nella sua gamma di produzione macchine speciali come mulini a catena, mulini a martelli e sistemi integrati di affilatura.<\/div>\n<div>Negli anni ha continuato ad ampliare la propria gamma di prodotti includendo la revisione e la produzione di ricambi per cippatori, truciolatori a coltelli, mulini a martelli e raffinatori adatti anche a macchine di altri produttori.<\/div>\n<h6>IL MIGLIORE DELLA SUA CATEGORIA PER:<\/h6>\n<ul>\n<li>Linee complete di cippatura<\/li>\n<li>Linee complete per la preparazione dei flakes;<\/li>\n<li>Mulini per chips and flakes sia secchi che umidi;<\/li>\n<li>Sistemi di affilatura e lavaggio<\/li>\n<\/ul>\n<\/div>\n                                    <img decoding=\"async\" class=\"\" src=\"https:\/\/www.imalpal.com\/jorgoori\/2023\/02\/IMALPAL-GLOBUS-2.svg\">\n                                <\/div>\n                        <div class=\"cell small-12 large-8\">                                    <img decoding=\"async\" class=\"fullwidth\" src=\"https:\/\/www.imalpal.com\/jorgoori\/2023\/02\/IMALPAL-Sede-2.jpg\">\n                                <\/div>\n                <\/div>\n\n\n<\/div>\n<\/section>\n\n<section id=\"psp\" class=\"grid padding x6\" >\n            <div class=\"grid-container\" data-aos=\"fade-up\" data-aos-duration=\"300\" data-aos-easing=\"ease-in-out\" data-aos-mirror=\"false\" data-aos-once=\"true\">\n        \n          \n\n                \n        <div class=\"grid-x grid-padding-x align-stretch\" data-aos=\"fade-up\" data-aos-duration=\"600\" data-aos-easing=\"ease-in-out\" data-aos-mirror=\"false\" data-aos-once=\"true\">\n                            <div class=\"cell small-12 large-4\"><h2>PSP<\/h2>\n<p>La societ\u00e0 PSP MACHINERY SRL nasce nel 2013 dalla trentennale esperienza nel settore del suo fondatore.<\/p>\n<p>Negli anni si \u00e8 imposta in modo concreto nel mercato nazionale ed estero per la tecnologia e la meccanica di precisione con cui realizza e progetta i suoi macchinari ed in particolare la pressa pellettatrice e linee di pellettatura impiegati, principalmente, nel trattamento del legno per trasformare il prodotto dallo stato naturale in cui si trova, allo stato granulare.<\/p>\n                                    <img decoding=\"async\" class=\"\" src=\"https:\/\/www.imalpal.com\/jorgoori\/2023\/02\/IMALPAL-PSP-1.svg\">\n                                <\/div>\n                        <div class=\"cell small-12 large-8\">                                    <img decoding=\"async\" class=\"fullwidth\" src=\"https:\/\/www.imalpal.com\/jorgoori\/2023\/05\/psp-sede-2.jpg\">\n                                <\/div>\n                <\/div>\n\n\n<\/div>\n<\/section>\n\n<section id=\"italsort\" class=\"grid padding x6\" >\n            <div class=\"grid-container\" data-aos=\"fade-up\" data-aos-duration=\"300\" data-aos-easing=\"ease-in-out\" data-aos-mirror=\"false\" data-aos-once=\"true\">\n        \n          \n\n                \n        <div class=\"grid-x grid-padding-x align-stretch\" data-aos=\"fade-up\" data-aos-duration=\"600\" data-aos-easing=\"ease-in-out\" data-aos-mirror=\"false\" data-aos-once=\"true\">\n                            <div class=\"cell small-12 large-4\"><h2>ITALSORT<\/h2>\n<div>\n<div>Con un\u2019esperienza lunga 25 anni, l\u2019azienda pu\u00f2 aiutare clienti fornendo l\u2019engineering dettagliato per tutti i tipi di impianti di trattamento rifiuti. Italsort \u00e8 in grado di costruire e ricondizionare componenti e linee per la gestione e separazione dei materiali. Tutte le sue macchine sono prodotte, assemblate e collaudate nel proprio impianto.<\/p>\n<\/div>\n<div>Il cliente spedisce le macchine. Italsort le riceve sul posto, installa l\u2019impianto e lo mette in funzione. Dopo il montaggio &amp; l\u2019avviamento, l\u2019azienda pu\u00f2 aiutare il cliente con le prove di performance e con la formazione del personale. Italsort si occupa dell&#8217;attrezzatura e del funzionamento dell\u2019impianto.<\/div>\n<\/div>\n                                    <img decoding=\"async\" class=\"\" src=\"https:\/\/www.imalpal.com\/jorgoori\/2023\/02\/IMALPAL-ITALSORT-1.svg\">\n                                <\/div>\n                        <div class=\"cell small-12 large-8\">                                    <img decoding=\"async\" class=\"fullwidth\" src=\"https:\/\/www.imalpal.com\/jorgoori\/2023\/05\/italsort-sede.jpg\">\n                                <\/div>\n                <\/div>\n\n\n<\/div>\n<\/section>\n\n<section id=\"unibelt\" class=\"grid padding x6\" >\n            <div class=\"grid-container\" data-aos=\"fade-up\" data-aos-duration=\"300\" data-aos-easing=\"ease-in-out\" data-aos-mirror=\"false\" data-aos-once=\"true\">\n        \n          \n\n                \n        <div class=\"grid-x grid-padding-x align-stretch\" data-aos=\"fade-up\" data-aos-duration=\"600\" data-aos-easing=\"ease-in-out\" data-aos-mirror=\"false\" data-aos-once=\"true\">\n                            <div class=\"cell small-12 large-4\"><h2>UNIBELT<\/h2>\n<div>\n<p>Progetta, realizza e fornisce sistemi di movimentazione per prodotti sfusi e unit\u00e0 nel settore dei trasporti e dell\u2019automazione industriale. Unibelt opera dal 1978 in diversi settori industriali, sviluppando e realizzando macchinari affidabili e di alta qualit\u00e0 e fornendo al cliente consulenza e assistenza. L&#8217;esperienza maturata nei vari settori ha permesso all&#8217;azienda di realizzare soluzioni personalizzate studiate in riferimento alla tipologia di materiale da movimentare. Unibelt progetta e produce trasportatori e sistemi di stoccaggio di altissima qualit\u00e0 anche per l&#8217;industria dei prodotti a base di legno.<\/p>\n<p>&nbsp;<\/p>\n<h6>IL MIGLIORE DELLA SUA CATEGORIA PER:<\/h6>\n<ul>\n<li>Sistemi di movimentazione di prodotti sfusi<\/li>\n<li>Sistemi di stoccaggio<\/li>\n<li>Tecnologie di trasporto<\/li>\n<\/ul>\n<\/div>\n                                    <img decoding=\"async\" class=\"\" src=\"https:\/\/www.imalpal.com\/jorgoori\/2024\/06\/unibelt-prova.png\">\n                                <\/div>\n                        <div class=\"cell small-12 large-8\">                                    <img decoding=\"async\" class=\"fullwidth\" src=\"https:\/\/www.imalpal.com\/jorgoori\/2025\/03\/unibelt_group-companies_web.jpg\">\n                                <\/div>\n                <\/div>\n\n\n<\/div>\n<\/section>\n\n\n  <\/div>","protected":false},"excerpt":{"rendered":"","protected":false},"author":2,"featured_media":0,"parent":0,"menu_order":0,"comment_status":"closed","ping_status":"closed","template":"","meta":{"footnotes":""},"class_list":["post-2389","page","type-page","status-publish","hentry"],"yoast_head":"\n<title>Le aziende del Gruppo - Imalpal Group<\/title>\n<meta name=\"robots\" content=\"index, follow, max-snippet:-1, max-image-preview:large, max-video-preview:-1\" \/>\n<link rel=\"canonical\" href=\"https:\/\/www.imalpal.com\/it\/le-aziende-del-gruppo\/\" \/>\n<meta property=\"og:locale\" content=\"it_IT\" \/>\n<meta property=\"og:type\" content=\"article\" \/>\n<meta property=\"og:title\" content=\"Le aziende del Gruppo - Imalpal Group\" \/>\n<meta property=\"og:url\" content=\"https:\/\/www.imalpal.com\/it\/le-aziende-del-gruppo\/\" \/>\n<meta property=\"og:site_name\" content=\"Imalpal Group\" \/>\n<meta property=\"article:modified_time\" content=\"2025-03-14T08:16:37+00:00\" \/>\n<meta name=\"twitter:card\" content=\"summary_large_image\" \/>\n<meta name=\"twitter:label1\" content=\"Tempo di lettura stimato\" \/>\n\t<meta name=\"twitter:data1\" content=\"15 minuti\" \/>\n<script type=\"application\/ld+json\" class=\"yoast-schema-graph\">{\"@context\":\"https:\/\/schema.org\",\"@graph\":[{\"@type\":\"WebPage\",\"@id\":\"https:\/\/www.imalpal.com\/it\/le-aziende-del-gruppo\/\",\"url\":\"https:\/\/www.imalpal.com\/it\/le-aziende-del-gruppo\/\",\"name\":\"Le aziende del Gruppo - Imalpal Group\",\"isPartOf\":{\"@id\":\"https:\/\/www.imalpal.com\/#website\"},\"datePublished\":\"2023-02-02T11:12:20+00:00\",\"dateModified\":\"2025-03-14T08:16:37+00:00\",\"breadcrumb\":{\"@id\":\"https:\/\/www.imalpal.com\/it\/le-aziende-del-gruppo\/#breadcrumb\"},\"inLanguage\":\"it-IT\",\"potentialAction\":[{\"@type\":\"ReadAction\",\"target\":[\"https:\/\/www.imalpal.com\/it\/le-aziende-del-gruppo\/\"]}]},{\"@type\":\"BreadcrumbList\",\"@id\":\"https:\/\/www.imalpal.com\/it\/le-aziende-del-gruppo\/#breadcrumb\",\"itemListElement\":[{\"@type\":\"ListItem\",\"position\":1,\"name\":\"Home\",\"item\":\"https:\/\/www.imalpal.com\/it\/\"},{\"@type\":\"ListItem\",\"position\":2,\"name\":\"Le aziende del Gruppo\"}]},{\"@type\":\"WebSite\",\"@id\":\"https:\/\/www.imalpal.com\/#website\",\"url\":\"https:\/\/www.imalpal.com\/\",\"name\":\"Imalpal Group\",\"description\":\"Growing with you\",\"potentialAction\":[{\"@type\":\"SearchAction\",\"target\":{\"@type\":\"EntryPoint\",\"urlTemplate\":\"https:\/\/www.imalpal.com\/?s={search_term_string}\"},\"query-input\":{\"@type\":\"PropertyValueSpecification\",\"valueRequired\":true,\"valueName\":\"search_term_string\"}}],\"inLanguage\":\"it-IT\"}]}<\/script>\n","yoast_head_json":{"title":"Le aziende del Gruppo - Imalpal Group","robots":{"index":"index","follow":"follow","max-snippet":"max-snippet:-1","max-image-preview":"max-image-preview:large","max-video-preview":"max-video-preview:-1"},"canonical":"https:\/\/www.imalpal.com\/it\/le-aziende-del-gruppo\/","og_locale":"it_IT","og_type":"article","og_title":"Le aziende del Gruppo - Imalpal Group","og_url":"https:\/\/www.imalpal.com\/it\/le-aziende-del-gruppo\/","og_site_name":"Imalpal Group","article_modified_time":"2025-03-14T08:16:37+00:00","twitter_card":"summary_large_image","twitter_misc":{"Tempo di lettura stimato":"15 minuti"},"schema":{"@context":"https:\/\/schema.org","@graph":[{"@type":"WebPage","@id":"https:\/\/www.imalpal.com\/it\/le-aziende-del-gruppo\/","url":"https:\/\/www.imalpal.com\/it\/le-aziende-del-gruppo\/","name":"Le aziende del Gruppo - Imalpal Group","isPartOf":{"@id":"https:\/\/www.imalpal.com\/#website"},"datePublished":"2023-02-02T11:12:20+00:00","dateModified":"2025-03-14T08:16:37+00:00","breadcrumb":{"@id":"https:\/\/www.imalpal.com\/it\/le-aziende-del-gruppo\/#breadcrumb"},"inLanguage":"it-IT","potentialAction":[{"@type":"ReadAction","target":["https:\/\/www.imalpal.com\/it\/le-aziende-del-gruppo\/"]}]},{"@type":"BreadcrumbList","@id":"https:\/\/www.imalpal.com\/it\/le-aziende-del-gruppo\/#breadcrumb","itemListElement":[{"@type":"ListItem","position":1,"name":"Home","item":"https:\/\/www.imalpal.com\/it\/"},{"@type":"ListItem","position":2,"name":"Le aziende del Gruppo"}]},{"@type":"WebSite","@id":"https:\/\/www.imalpal.com\/#website","url":"https:\/\/www.imalpal.com\/","name":"Imalpal Group","description":"Growing with you","potentialAction":[{"@type":"SearchAction","target":{"@type":"EntryPoint","urlTemplate":"https:\/\/www.imalpal.com\/?s={search_term_string}"},"query-input":{"@type":"PropertyValueSpecification","valueRequired":true,"valueName":"search_term_string"}}],"inLanguage":"it-IT"}]}},"acf":[],"_links":{"self":[{"href":"https:\/\/www.imalpal.com\/it\/wp-json\/wp\/v2\/pages\/2389","targetHints":{"allow":["GET"]}}],"collection":[{"href":"https:\/\/www.imalpal.com\/it\/wp-json\/wp\/v2\/pages"}],"about":[{"href":"https:\/\/www.imalpal.com\/it\/wp-json\/wp\/v2\/types\/page"}],"author":[{"embeddable":true,"href":"https:\/\/www.imalpal.com\/it\/wp-json\/wp\/v2\/users\/2"}],"replies":[{"embeddable":true,"href":"https:\/\/www.imalpal.com\/it\/wp-json\/wp\/v2\/comments?post=2389"}],"version-history":[{"count":36,"href":"https:\/\/www.imalpal.com\/it\/wp-json\/wp\/v2\/pages\/2389\/revisions"}],"predecessor-version":[{"id":8593,"href":"https:\/\/www.imalpal.com\/it\/wp-json\/wp\/v2\/pages\/2389\/revisions\/8593"}],"wp:attachment":[{"href":"https:\/\/www.imalpal.com\/it\/wp-json\/wp\/v2\/media?parent=2389"}],"curies":[{"name":"wp","href":"https:\/\/api.w.org\/{rel}","templated":true}]}}