{"id":5335,"date":"2023-05-31T16:23:59","date_gmt":"2023-05-31T14:23:59","guid":{"rendered":"https:\/\/www.imalpal.com\/mwaves\/"},"modified":"2023-06-01T10:25:17","modified_gmt":"2023-06-01T08:25:17","slug":"mwaves","status":"publish","type":"page","link":"https:\/\/www.imalpal.com\/it\/mwaves\/","title":{"rendered":"Mwaves"},"content":{"rendered":"\n<div class=\"wp-block-columns is-layout-flex wp-container-core-columns-is-layout-9d6595d7 wp-block-columns-is-layout-flex\">\n<div class=\"wp-block-column is-layout-flow wp-block-column-is-layout-flow\" style=\"flex-basis:100%\"><section id=\"grid-block_cd8e465c3cbc3c85cc713e63285abd65\" class=\"grid padding x6\" >\n            <div class=\"grid-container\" data-aos=\"fade-up\" data-aos-duration=\"300\" data-aos-easing=\"ease-in-out\" data-aos-mirror=\"false\" data-aos-once=\"true\">\n        \n          \n\n                \n        <div class=\"grid-x grid-padding-x align-stretch\" data-aos=\"fade-up\" data-aos-duration=\"600\" data-aos-easing=\"ease-in-out\" data-aos-mirror=\"false\" data-aos-once=\"true\">\n                            <div class=\"cell small-12 large-12\"><p>&#8220;MWAVES&#8221; \u00e8 un progetto di ricerca e sviluppo di un sistema di misurazione per l\u2019individuazione di corpi estranei e zone vuote nei pannelli a base di fibra di legno<\/p>\n<p>&nbsp;<\/p>\n<p>&nbsp;<\/p>\n                            <\/div>\n                        <div class=\"cell small-12 large-12\"><p><span style=\"color: #00848d;\">OBIETTIVO PRINCIPALE DELL\u2019ATTIVITA\u2019<\/span><\/p>\n<p>L\u2019obiettivo del progetto era quello di sviluppare un sistema di misura capace di superare le limitazioni tecnologiche che caratterizzavano i sistemi di misura impiegati per la valutazione della densit\u00e0 e della presenza di inquinanti all\u2019interno dei materassi di fibra di legno utilizzati per la produzione di PFL.<\/p>\n<p>L\u2019implementazione del progetto ha permesso di raggiungere i seguenti risultati:<\/p>\n<ul>\n<li>la creazione del database e della funzione di taratura capace di fornire una corrispondenza tra i valori di permettivit\u00e0 e permeabilit\u00e0 ed i valori di densit\u00e0, umidit\u00e0 e presenza di inquinanti al variare della fibra di legno;<\/li>\n<li>progettazione, realizzazione e validazione di un\u2019antenna che consenta di ottenere banda, direttivit\u00e0 e rapporto segnale rumore;<\/li>\n<li>progettazione e realizzazione di un\u2019elettronica custom per il front-end ed il controllo dell\u2019antenna;<\/li>\n<li>realizzazione e validazione del sistema di misura \u201ccompleto\u201d composto da un opportuno array di sistemi di misura elementari.<\/li>\n<\/ul>\n<p>&nbsp;<\/p>\n<p>&nbsp;<\/p>\n                                    <img decoding=\"async\" class=\"fullwidth\" src=\"https:\/\/www.imalpal.com\/jorgoori\/2023\/05\/footer.png\">\n                                <\/div>\n                <\/div>\n\n\n<\/div>\n<\/section><\/div>\n<\/div>\n","protected":false},"excerpt":{"rendered":"","protected":false},"author":6,"featured_media":0,"parent":0,"menu_order":0,"comment_status":"closed","ping_status":"closed","template":"","meta":{"footnotes":""},"class_list":["post-5335","page","type-page","status-publish","hentry"],"yoast_head":"\n<title>Mwaves - Imalpal Group<\/title>\n<meta name=\"robots\" content=\"index, follow, max-snippet:-1, max-image-preview:large, max-video-preview:-1\" \/>\n<link rel=\"canonical\" href=\"https:\/\/www.imalpal.com\/it\/mwaves\/\" \/>\n<meta property=\"og:locale\" content=\"it_IT\" \/>\n<meta property=\"og:type\" content=\"article\" \/>\n<meta property=\"og:title\" content=\"Mwaves - Imalpal Group\" \/>\n<meta property=\"og:url\" content=\"https:\/\/www.imalpal.com\/it\/mwaves\/\" \/>\n<meta property=\"og:site_name\" content=\"Imalpal Group\" \/>\n<meta property=\"article:modified_time\" content=\"2023-06-01T08:25:17+00:00\" \/>\n<meta name=\"twitter:card\" content=\"summary_large_image\" \/>\n<script type=\"application\/ld+json\" class=\"yoast-schema-graph\">{\"@context\":\"https:\/\/schema.org\",\"@graph\":[{\"@type\":\"WebPage\",\"@id\":\"https:\/\/www.imalpal.com\/it\/mwaves\/\",\"url\":\"https:\/\/www.imalpal.com\/it\/mwaves\/\",\"name\":\"Mwaves - Imalpal Group\",\"isPartOf\":{\"@id\":\"https:\/\/www.imalpal.com\/#website\"},\"datePublished\":\"2023-05-31T14:23:59+00:00\",\"dateModified\":\"2023-06-01T08:25:17+00:00\",\"breadcrumb\":{\"@id\":\"https:\/\/www.imalpal.com\/it\/mwaves\/#breadcrumb\"},\"inLanguage\":\"it-IT\",\"potentialAction\":[{\"@type\":\"ReadAction\",\"target\":[\"https:\/\/www.imalpal.com\/it\/mwaves\/\"]}]},{\"@type\":\"BreadcrumbList\",\"@id\":\"https:\/\/www.imalpal.com\/it\/mwaves\/#breadcrumb\",\"itemListElement\":[{\"@type\":\"ListItem\",\"position\":1,\"name\":\"Home\",\"item\":\"https:\/\/www.imalpal.com\/it\/\"},{\"@type\":\"ListItem\",\"position\":2,\"name\":\"Mwaves\"}]},{\"@type\":\"WebSite\",\"@id\":\"https:\/\/www.imalpal.com\/#website\",\"url\":\"https:\/\/www.imalpal.com\/\",\"name\":\"Imalpal Group\",\"description\":\"Growing with you\",\"potentialAction\":[{\"@type\":\"SearchAction\",\"target\":{\"@type\":\"EntryPoint\",\"urlTemplate\":\"https:\/\/www.imalpal.com\/?s={search_term_string}\"},\"query-input\":{\"@type\":\"PropertyValueSpecification\",\"valueRequired\":true,\"valueName\":\"search_term_string\"}}],\"inLanguage\":\"it-IT\"}]}<\/script>\n","yoast_head_json":{"title":"Mwaves - Imalpal Group","robots":{"index":"index","follow":"follow","max-snippet":"max-snippet:-1","max-image-preview":"max-image-preview:large","max-video-preview":"max-video-preview:-1"},"canonical":"https:\/\/www.imalpal.com\/it\/mwaves\/","og_locale":"it_IT","og_type":"article","og_title":"Mwaves - Imalpal Group","og_url":"https:\/\/www.imalpal.com\/it\/mwaves\/","og_site_name":"Imalpal Group","article_modified_time":"2023-06-01T08:25:17+00:00","twitter_card":"summary_large_image","schema":{"@context":"https:\/\/schema.org","@graph":[{"@type":"WebPage","@id":"https:\/\/www.imalpal.com\/it\/mwaves\/","url":"https:\/\/www.imalpal.com\/it\/mwaves\/","name":"Mwaves - Imalpal Group","isPartOf":{"@id":"https:\/\/www.imalpal.com\/#website"},"datePublished":"2023-05-31T14:23:59+00:00","dateModified":"2023-06-01T08:25:17+00:00","breadcrumb":{"@id":"https:\/\/www.imalpal.com\/it\/mwaves\/#breadcrumb"},"inLanguage":"it-IT","potentialAction":[{"@type":"ReadAction","target":["https:\/\/www.imalpal.com\/it\/mwaves\/"]}]},{"@type":"BreadcrumbList","@id":"https:\/\/www.imalpal.com\/it\/mwaves\/#breadcrumb","itemListElement":[{"@type":"ListItem","position":1,"name":"Home","item":"https:\/\/www.imalpal.com\/it\/"},{"@type":"ListItem","position":2,"name":"Mwaves"}]},{"@type":"WebSite","@id":"https:\/\/www.imalpal.com\/#website","url":"https:\/\/www.imalpal.com\/","name":"Imalpal Group","description":"Growing with you","potentialAction":[{"@type":"SearchAction","target":{"@type":"EntryPoint","urlTemplate":"https:\/\/www.imalpal.com\/?s={search_term_string}"},"query-input":{"@type":"PropertyValueSpecification","valueRequired":true,"valueName":"search_term_string"}}],"inLanguage":"it-IT"}]}},"acf":[],"_links":{"self":[{"href":"https:\/\/www.imalpal.com\/it\/wp-json\/wp\/v2\/pages\/5335","targetHints":{"allow":["GET"]}}],"collection":[{"href":"https:\/\/www.imalpal.com\/it\/wp-json\/wp\/v2\/pages"}],"about":[{"href":"https:\/\/www.imalpal.com\/it\/wp-json\/wp\/v2\/types\/page"}],"author":[{"embeddable":true,"href":"https:\/\/www.imalpal.com\/it\/wp-json\/wp\/v2\/users\/6"}],"replies":[{"embeddable":true,"href":"https:\/\/www.imalpal.com\/it\/wp-json\/wp\/v2\/comments?post=5335"}],"version-history":[{"count":37,"href":"https:\/\/www.imalpal.com\/it\/wp-json\/wp\/v2\/pages\/5335\/revisions"}],"predecessor-version":[{"id":5397,"href":"https:\/\/www.imalpal.com\/it\/wp-json\/wp\/v2\/pages\/5335\/revisions\/5397"}],"wp:attachment":[{"href":"https:\/\/www.imalpal.com\/it\/wp-json\/wp\/v2\/media?parent=5335"}],"curies":[{"name":"wp","href":"https:\/\/api.w.org\/{rel}","templated":true}]}}