{"id":6038,"date":"2023-07-28T08:48:19","date_gmt":"2023-07-28T06:48:19","guid":{"rendered":"https:\/\/www.imalpal.com\/?page_id=6038"},"modified":"2023-07-28T09:16:23","modified_gmt":"2023-07-28T07:16:23","slug":"mwaves-for-plastic","status":"publish","type":"page","link":"https:\/\/www.imalpal.com\/it\/mwaves-for-plastic\/","title":{"rendered":"Mwaves for plastic"},"content":{"rendered":"\n<div class=\"wp-block-columns is-layout-flex wp-container-core-columns-is-layout-9d6595d7 wp-block-columns-is-layout-flex\">\n<div class=\"wp-block-column is-layout-flow wp-block-column-is-layout-flow\" style=\"flex-basis:100%\"><section id=\"grid-block_b4caa9dd211048170798c824fb25d9b9\" class=\"grid padding x6\" >\n            <div class=\"grid-container\" data-aos=\"fade-up\" data-aos-duration=\"300\" data-aos-easing=\"ease-in-out\" data-aos-mirror=\"false\" data-aos-once=\"true\">\n        \n          \n\n                \n        <div class=\"grid-x grid-padding-x align-stretch\" data-aos=\"fade-up\" data-aos-duration=\"600\" data-aos-easing=\"ease-in-out\" data-aos-mirror=\"false\" data-aos-once=\"true\">\n                            <div class=\"cell small-12 large-12\"><p>&#8220;MWAVES for plastic&#8221; \u00e8 un progetto di ricerca e sviluppo di un sistema che permette di individuare le plastiche e di distinguerle e differenziarle correttamente.<\/p>\n<p>&nbsp;<\/p>\n<p>&nbsp;<\/p>\n                            <\/div>\n                        <div class=\"cell small-12 large-12\"><p><span style=\"color: #00848d;\">OBIETTIVO PRINCIPALE DELL\u2019ATTIVITA\u2019<\/span><\/p>\n<p>Le plastiche sono tra i grandi temi discussi nell\u2019ambito della sostenibilit\u00e0. A causa dell\u2019enorme scala di produzione e dell\u2019ampia gamma di applicazioni, l\u2019eliminazione completa della plastica \u00e8 attualmente fuori discussione. Il riciclo \u00e8 una delle strade attualmente pi\u00f9 battute per ridurne l\u2019impatto sull\u2019ambiente. Sono per\u00f2 evidenti due ostacoli:<\/p>\n<ol>\n<li>la difficolt\u00e0 nel processo di produzione di usare plastiche riciclate\/rigenerate perch\u00e9 il grado di purezza della materia prima \u00e8 uno dei requisiti indispensabili per poter reintrodurre il materiale nel processo produttivo. Ad esempio, una miscela di plastiche poco pura e pulita non si riesce a ristampare;<\/li>\n<li>la difficolt\u00e0 di creare una soluzione per la differenziazione dei rifiuti che ne garantisca la pulizia e l\u2019omogeneit\u00e0.<\/li>\n<\/ol>\n<p>Inoltre, la frazione conferita comprende varie tipologie di plastiche (PET, PVC, PS, EPS, ecc.), non separate per impossibilit\u00e0 gestionale e culturalmente (poco conosciute).<\/p>\n<p>Il progetto si propone di realizzare un sensore in grado di distinguere un tipo di plastica dall\u2019altro e permetterebbe tramite dei selezionatori meccanici di raggruppare plastiche per tipo. In questo modo i flakes di plastica, a seconda del tipo, subirebbero trattamenti chimici e verrebbero ritrasformati in estrusi e tondi di elevata purezza compatibili con il mercato a favore dell\u2019economia circolare.<\/p>\n<p>&nbsp;<\/p>\n                                    <img decoding=\"async\" class=\"fullwidth\" src=\"https:\/\/www.imalpal.com\/jorgoori\/2023\/07\/Loghi_CoesioneITA_UE_REP_ER_21-27_compatta_colore.png\">\n                                <\/div>\n                <\/div>\n\n\n<\/div>\n<\/section><\/div>\n<\/div>\n","protected":false},"excerpt":{"rendered":"","protected":false},"author":6,"featured_media":0,"parent":0,"menu_order":0,"comment_status":"closed","ping_status":"closed","template":"","meta":{"footnotes":""},"class_list":["post-6038","page","type-page","status-publish","hentry"],"yoast_head":"\n<title>Mwaves for plastic - Imalpal Group<\/title>\n<meta name=\"description\" content=\"&quot;MWAVES&quot; \u00e8 un progetto di ricerca e sviluppo di un sistema che permette di individuare le plastiche e di distinguerle e differenziarle correttamente.\" \/>\n<meta name=\"robots\" content=\"index, follow, max-snippet:-1, max-image-preview:large, max-video-preview:-1\" \/>\n<link rel=\"canonical\" href=\"https:\/\/www.imalpal.com\/it\/mwaves-for-plastic\/\" \/>\n<meta property=\"og:locale\" content=\"it_IT\" \/>\n<meta property=\"og:type\" content=\"article\" \/>\n<meta property=\"og:title\" content=\"Mwaves for plastic - Imalpal Group\" \/>\n<meta property=\"og:description\" content=\"&quot;MWAVES&quot; \u00e8 un progetto di ricerca e sviluppo di un sistema che permette di individuare le plastiche e di distinguerle e differenziarle correttamente.\" \/>\n<meta property=\"og:url\" content=\"https:\/\/www.imalpal.com\/it\/mwaves-for-plastic\/\" \/>\n<meta property=\"og:site_name\" content=\"Imalpal Group\" \/>\n<meta property=\"article:modified_time\" content=\"2023-07-28T07:16:23+00:00\" \/>\n<meta name=\"twitter:card\" content=\"summary_large_image\" \/>\n<script type=\"application\/ld+json\" class=\"yoast-schema-graph\">{\"@context\":\"https:\/\/schema.org\",\"@graph\":[{\"@type\":\"WebPage\",\"@id\":\"https:\/\/www.imalpal.com\/it\/mwaves-for-plastic\/\",\"url\":\"https:\/\/www.imalpal.com\/it\/mwaves-for-plastic\/\",\"name\":\"Mwaves for plastic - Imalpal Group\",\"isPartOf\":{\"@id\":\"https:\/\/www.imalpal.com\/#website\"},\"datePublished\":\"2023-07-28T06:48:19+00:00\",\"dateModified\":\"2023-07-28T07:16:23+00:00\",\"description\":\"\\\"MWAVES\\\" \u00e8 un progetto di ricerca e sviluppo di un sistema che permette di individuare le plastiche e di distinguerle e differenziarle correttamente.\",\"breadcrumb\":{\"@id\":\"https:\/\/www.imalpal.com\/it\/mwaves-for-plastic\/#breadcrumb\"},\"inLanguage\":\"it-IT\",\"potentialAction\":[{\"@type\":\"ReadAction\",\"target\":[\"https:\/\/www.imalpal.com\/it\/mwaves-for-plastic\/\"]}]},{\"@type\":\"BreadcrumbList\",\"@id\":\"https:\/\/www.imalpal.com\/it\/mwaves-for-plastic\/#breadcrumb\",\"itemListElement\":[{\"@type\":\"ListItem\",\"position\":1,\"name\":\"Home\",\"item\":\"https:\/\/www.imalpal.com\/it\/\"},{\"@type\":\"ListItem\",\"position\":2,\"name\":\"Mwaves for plastic\"}]},{\"@type\":\"WebSite\",\"@id\":\"https:\/\/www.imalpal.com\/#website\",\"url\":\"https:\/\/www.imalpal.com\/\",\"name\":\"Imalpal Group\",\"description\":\"Growing with you\",\"potentialAction\":[{\"@type\":\"SearchAction\",\"target\":{\"@type\":\"EntryPoint\",\"urlTemplate\":\"https:\/\/www.imalpal.com\/?s={search_term_string}\"},\"query-input\":{\"@type\":\"PropertyValueSpecification\",\"valueRequired\":true,\"valueName\":\"search_term_string\"}}],\"inLanguage\":\"it-IT\"}]}<\/script>\n","yoast_head_json":{"title":"Mwaves for plastic - Imalpal Group","description":"\"MWAVES\" \u00e8 un progetto di ricerca e sviluppo di un sistema che permette di individuare le plastiche e di distinguerle e differenziarle correttamente.","robots":{"index":"index","follow":"follow","max-snippet":"max-snippet:-1","max-image-preview":"max-image-preview:large","max-video-preview":"max-video-preview:-1"},"canonical":"https:\/\/www.imalpal.com\/it\/mwaves-for-plastic\/","og_locale":"it_IT","og_type":"article","og_title":"Mwaves for plastic - Imalpal Group","og_description":"\"MWAVES\" \u00e8 un progetto di ricerca e sviluppo di un sistema che permette di individuare le plastiche e di distinguerle e differenziarle correttamente.","og_url":"https:\/\/www.imalpal.com\/it\/mwaves-for-plastic\/","og_site_name":"Imalpal Group","article_modified_time":"2023-07-28T07:16:23+00:00","twitter_card":"summary_large_image","schema":{"@context":"https:\/\/schema.org","@graph":[{"@type":"WebPage","@id":"https:\/\/www.imalpal.com\/it\/mwaves-for-plastic\/","url":"https:\/\/www.imalpal.com\/it\/mwaves-for-plastic\/","name":"Mwaves for plastic - Imalpal Group","isPartOf":{"@id":"https:\/\/www.imalpal.com\/#website"},"datePublished":"2023-07-28T06:48:19+00:00","dateModified":"2023-07-28T07:16:23+00:00","description":"\"MWAVES\" \u00e8 un progetto di ricerca e sviluppo di un sistema che permette di individuare le plastiche e di distinguerle e differenziarle correttamente.","breadcrumb":{"@id":"https:\/\/www.imalpal.com\/it\/mwaves-for-plastic\/#breadcrumb"},"inLanguage":"it-IT","potentialAction":[{"@type":"ReadAction","target":["https:\/\/www.imalpal.com\/it\/mwaves-for-plastic\/"]}]},{"@type":"BreadcrumbList","@id":"https:\/\/www.imalpal.com\/it\/mwaves-for-plastic\/#breadcrumb","itemListElement":[{"@type":"ListItem","position":1,"name":"Home","item":"https:\/\/www.imalpal.com\/it\/"},{"@type":"ListItem","position":2,"name":"Mwaves for plastic"}]},{"@type":"WebSite","@id":"https:\/\/www.imalpal.com\/#website","url":"https:\/\/www.imalpal.com\/","name":"Imalpal Group","description":"Growing with you","potentialAction":[{"@type":"SearchAction","target":{"@type":"EntryPoint","urlTemplate":"https:\/\/www.imalpal.com\/?s={search_term_string}"},"query-input":{"@type":"PropertyValueSpecification","valueRequired":true,"valueName":"search_term_string"}}],"inLanguage":"it-IT"}]}},"acf":[],"_links":{"self":[{"href":"https:\/\/www.imalpal.com\/it\/wp-json\/wp\/v2\/pages\/6038","targetHints":{"allow":["GET"]}}],"collection":[{"href":"https:\/\/www.imalpal.com\/it\/wp-json\/wp\/v2\/pages"}],"about":[{"href":"https:\/\/www.imalpal.com\/it\/wp-json\/wp\/v2\/types\/page"}],"author":[{"embeddable":true,"href":"https:\/\/www.imalpal.com\/it\/wp-json\/wp\/v2\/users\/6"}],"replies":[{"embeddable":true,"href":"https:\/\/www.imalpal.com\/it\/wp-json\/wp\/v2\/comments?post=6038"}],"version-history":[{"count":5,"href":"https:\/\/www.imalpal.com\/it\/wp-json\/wp\/v2\/pages\/6038\/revisions"}],"predecessor-version":[{"id":6046,"href":"https:\/\/www.imalpal.com\/it\/wp-json\/wp\/v2\/pages\/6038\/revisions\/6046"}],"wp:attachment":[{"href":"https:\/\/www.imalpal.com\/it\/wp-json\/wp\/v2\/media?parent=6038"}],"curies":[{"name":"wp","href":"https:\/\/api.w.org\/{rel}","templated":true}]}}