{"id":6728,"date":"2024-03-25T15:06:20","date_gmt":"2024-03-25T14:06:20","guid":{"rendered":"https:\/\/www.imalpal.com\/?page_id=6728"},"modified":"2025-08-18T16:49:13","modified_gmt":"2025-08-18T14:49:13","slug":"governance","status":"publish","type":"page","link":"https:\/\/www.imalpal.com\/it\/governance\/","title":{"rendered":"Governance"},"content":{"rendered":"<section id=\"grid-block_4e17eb024625740f25a8eb3d19a5b5d3\" class=\"grid no-padding-top grey padding x6\" >\n            <div class=\"grid-container\" data-aos=\"fade-up\" data-aos-duration=\"300\" data-aos-easing=\"ease-in-out\" data-aos-mirror=\"false\" data-aos-once=\"true\">\n        \n                    <div class=\"grid-x grid-margin-x\">\n                                    <div class=\"cell small-12\">\n                        <h2>I valori di IMALPAL Group<\/h2>\n                    <\/div>\n                 \n                                    <div class=\"cell small-12 large-8\">\n                        <p><strong>MISSION<\/strong><\/p>\n<p>La nostra mission \u00e8 fondata sull\u2019impegno verso la promozione dello sviluppo sostenibile, un obiettivo che guida ogni nostra attivit\u00e0 commerciale e decisione aziendale. Nella produzione degli impianti e macchinari per la lavorazione del legno, ci dedichiamo con determinazione a ridurre al minimo l\u2019impatto ambientale delle nostre operazioni, adottando pratiche di produzione e gestione responsabili. Questo significa integrare criteri ambientali nelle nostre strategie di business, adottando tecnologie innovative e sostenibili, e adottando un approccio olistico che tenga conto delle esigenze presenti e future del nostro pianeta. Siamo consapevoli della nostra responsabilit\u00e0 verso le generazioni future e ci impegniamo attivamente per assicurare che le nostre attivit\u00e0 contribuiscano alla creazione di un futuro pi\u00f9 sostenibile per tutti.<\/p>\n<p><strong>VISION<\/strong><\/p>\n<p>La nostra vision \u00e8 quella di emergere come un faro nel settore, rappresentando l\u2019eccellenza in materia di sostenibilit\u00e0. Ambiamo a ottenere riconoscimento come un\u2019azienda che incarna la sostenibilit\u00e0 in ogni sua sfaccettatura, dalla gestione della catena di approvvigionamento alla disposizione dei rifiuti, dalla concezione dei prodotti alla soddisfazione dei clienti. Miriamo a trasformare questa visione in realt\u00e0 attraverso un impegno costante verso l\u2019innovazione e la collaborazione, integrando principi sostenibili in ogni fase del nostro operato. Vogliamo essere un modello ispiratore per altre aziende, dimostrando che \u00e8 possibile raggiungere il successo economico senza compromettere l\u2019ambiente o il benessere delle generazioni future. Sogniamo di costruire un mondo in cui la sostenibilit\u00e0 non \u00e8 solo un obiettivo, ma una realt\u00e0 concreta che permea ogni aspetto della nostra vita e delle nostre attivit\u00e0 aziendali.<\/p>\n                    <\/div>\n                 \n            <\/div>\n            <div class=\"spacer x2\"><\/div>\n          \n\n                \n        <div class=\"grid-x grid-padding-x align-stretch small-up-1 medium-up-2 large-up-3\" data-aos=\"fade-up\" data-aos-duration=\"600\" data-aos-easing=\"ease-in-out\" data-aos-mirror=\"false\" data-aos-once=\"true\">\n                    <\/div>\n\n\n<\/div>\n<\/section>\n\n<section id=\"grid-block_1f218257564c41338e504959f027de36\" class=\"grid no-padding-top grey padding x6\" >\n            <div class=\"grid-container\" data-aos=\"fade-up\" data-aos-duration=\"300\" data-aos-easing=\"ease-in-out\" data-aos-mirror=\"false\" data-aos-once=\"true\">\n        \n                    <div class=\"grid-x grid-margin-x\">\n                                    <div class=\"cell small-12\">\n                        <h2>Il Bilancio di Sostenibilit\u00e0<\/h2>\n                    <\/div>\n                 \n                                    <div class=\"cell small-12 large-8\">\n                        <p>Il <strong>Bilancio di Sostenibilit\u00e0<\/strong> che redigiamo annualmente \u00e8 il segno concreto del nostro approccio di transizione sostenibile: questo documento vuole fare da stimolo a un miglioramento continuo delle performance, alimentando il dialogo con gli stakeholder e la competizione positiva, nella quale ogni attore pu\u00f2 contribuire al perseguimento dello scopo comune, mettendo in campo tutte le sue risorse e competenze.<\/p>\n                    <\/div>\n                 \n            <\/div>\n            <div class=\"spacer x2\"><\/div>\n          \n\n                \n        <div class=\"grid-x grid-padding-x align-stretch small-up-1 medium-up-2 large-up-3\" data-aos=\"fade-up\" data-aos-duration=\"600\" data-aos-easing=\"ease-in-out\" data-aos-mirror=\"false\" data-aos-once=\"true\">\n                            <div class=\"cell\"><p><strong>BILANCIO DI SOSTENIBILIT\u00c1 2023<\/strong><\/p>\n<p><a href=\"https:\/\/www.imalpal.com\/jorgoori\/2025\/07\/BS-Imalpal-Group_2023_DEF_low.pdf\" target=\"_blank\" rel=\"noopener\" data-mce-href=\"https:\/\/www.imalpal.com\/jorgoori\/2025\/07\/BS-Imalpal-Group_2023_DEF_low.pdf\"><img loading=\"lazy\" decoding=\"async\" class=\"alignnone\" title=\"Scarica il Bilancio di Sostenibilit\u00e0 2023\" src=\"https:\/\/www.imalpal.com\/jorgoori\/2025\/07\/BS2023_cover_resized.jpg\" alt=\"\" width=\"135\" height=\"191\" data-mce-src=\"https:\/\/www.imalpal.com\/jorgoori\/2025\/07\/BS2023_cover_resized.jpg\"><\/a><\/p>\n<p><a href=\"https:\/\/www.imalpal.com\/jorgoori\/2025\/07\/BS-Imalpal-Group_2023_DEF_low.pdf\" target=\"_blank\" rel=\"noopener\" data-mce-href=\"https:\/\/www.imalpal.com\/jorgoori\/2025\/07\/BS-Imalpal-Group_2023_DEF_low.pdf\">Scarica il Bilancio di Sostenibilit\u00e0 2023<\/a><\/p>\n<p><\/p>\n                            <\/div>\n                <\/div>\n\n\n<\/div>\n<\/section>\n\n<section id=\"grid-block_86fb29f3fde3f596f1ff9532adc97214\" class=\"grid no-padding-top grey padding x6\" >\n            <div class=\"grid-container\" data-aos=\"fade-up\" data-aos-duration=\"300\" data-aos-easing=\"ease-in-out\" data-aos-mirror=\"false\" data-aos-once=\"true\">\n        \n                    <div class=\"grid-x grid-margin-x\">\n                                    <div class=\"cell small-12\">\n                        <h2>Gestione delle segnalazioni (Whistleblowing)<\/h2>\n                    <\/div>\n                 \n                                    <div class=\"cell small-12 large-8\">\n                        <p>Lo scopo della presente procedura \u00e8 quello di dare concreta attuazione alle disposizioni normative introdotte dal D.Lgs. n. 24\/2023 in recepimento della Dir. (UE) n. 2019\/1937 in materia di protezione delle persone (siano esse dipendenti della Societ\u00e0 oppure terze parti, come ad esempio fornitori o clienti o altri stakeholder) che durante l\u2019esercizio delle proprie attivit\u00e0 riscontrino eventuali comportamenti illeciti e che possono, tramite gli opportuni canali di comunicazione individuati dal Legislatore e dall\u2019Azienda, segnalare in modo confidenziale e protetto violazioni del diritto dell\u2019Unione e\/o violazioni delle disposizioni normative nazionali.<\/p>\n<p>&nbsp;<\/p>\n<p>&nbsp;<\/p>\n                    <\/div>\n                 \n            <\/div>\n            <div class=\"spacer x2\"><\/div>\n          \n\n                \n        <div class=\"grid-x grid-padding-x align-stretch small-up-1 medium-up-2 large-up-3\" data-aos=\"fade-up\" data-aos-duration=\"600\" data-aos-easing=\"ease-in-out\" data-aos-mirror=\"false\" data-aos-once=\"true\">\n                            <div class=\"cell\"><p><img loading=\"lazy\" decoding=\"async\" class=\"alignnone wp-image-1413\" src=\"https:\/\/www.imalpal.com\/jorgoori\/2023\/02\/IMALPAL-IMAL-2.svg\" alt=\"\" width=\"191\" height=\"117\" \/><\/p>\n<p><a href=\"https:\/\/www.imalpal.com\/jorgoori\/2024\/03\/Policy-Whistleblowing-IMAL.pdf\" target=\"_blank\" rel=\"noopener\">Scarica la policy Whistleblowing di IMAL S.r.l.<\/a><\/p>\n<p><a href=\"https:\/\/imalpal.trusty.report\" target=\"_blank\" rel=\"noopener\"><strong>Se vuoi fare una Segnalazione a IMAL S.r.l. accedi alla piattaforma<\/strong><\/a><\/p>\n                            <\/div>\n                        <div class=\"cell\"><p><img loading=\"lazy\" decoding=\"async\" class=\"alignnone wp-image-1417\" src=\"https:\/\/www.imalpal.com\/jorgoori\/2023\/02\/IMALPAL-PAL-2.svg\" alt=\"\" width=\"180\" height=\"117\" \/><\/p>\n<p><a href=\"https:\/\/www.imalpal.com\/jorgoori\/2024\/03\/Policy-Whistleblowing-1.pdf\" target=\"_blank\" rel=\"noopener\">Scarica la policy Whistleblowing di PAL S.r.l.<\/a><\/p>\n<p><a href=\"https:\/\/www.imalpal.com\/jorgoori\/2024\/03\/Modulo-di-Segnalazione.pdf\" target=\"_blank\" rel=\"noopener\"><strong>Se vuoi fare una Segnalazione a PAL S.r.l. scarica il modulo allegato<\/strong><\/a><\/p>\n<p>&nbsp;<\/p>\n                            <\/div>\n                <\/div>\n\n\n<\/div>\n<\/section>","protected":false},"excerpt":{"rendered":"","protected":false},"author":9,"featured_media":0,"parent":0,"menu_order":0,"comment_status":"closed","ping_status":"closed","template":"","meta":{"footnotes":""},"class_list":["post-6728","page","type-page","status-publish","hentry"],"yoast_head":"\n<title>Governance - Imalpal Group<\/title>\n<meta name=\"robots\" content=\"index, follow, max-snippet:-1, max-image-preview:large, max-video-preview:-1\" \/>\n<link rel=\"canonical\" href=\"https:\/\/www.imalpal.com\/it\/governance\/\" \/>\n<meta property=\"og:locale\" content=\"it_IT\" \/>\n<meta property=\"og:type\" content=\"article\" \/>\n<meta property=\"og:title\" content=\"Governance - Imalpal Group\" \/>\n<meta property=\"og:url\" content=\"https:\/\/www.imalpal.com\/it\/governance\/\" \/>\n<meta property=\"og:site_name\" content=\"Imalpal Group\" \/>\n<meta property=\"article:modified_time\" content=\"2025-08-18T14:49:13+00:00\" \/>\n<meta name=\"twitter:card\" content=\"summary_large_image\" \/>\n<meta name=\"twitter:label1\" content=\"Tempo di lettura stimato\" \/>\n\t<meta name=\"twitter:data1\" content=\"3 minuti\" \/>\n<script type=\"application\/ld+json\" class=\"yoast-schema-graph\">{\"@context\":\"https:\/\/schema.org\",\"@graph\":[{\"@type\":\"WebPage\",\"@id\":\"https:\/\/www.imalpal.com\/it\/governance\/\",\"url\":\"https:\/\/www.imalpal.com\/it\/governance\/\",\"name\":\"Governance - Imalpal Group\",\"isPartOf\":{\"@id\":\"https:\/\/www.imalpal.com\/#website\"},\"datePublished\":\"2024-03-25T14:06:20+00:00\",\"dateModified\":\"2025-08-18T14:49:13+00:00\",\"breadcrumb\":{\"@id\":\"https:\/\/www.imalpal.com\/it\/governance\/#breadcrumb\"},\"inLanguage\":\"it-IT\",\"potentialAction\":[{\"@type\":\"ReadAction\",\"target\":[\"https:\/\/www.imalpal.com\/it\/governance\/\"]}]},{\"@type\":\"BreadcrumbList\",\"@id\":\"https:\/\/www.imalpal.com\/it\/governance\/#breadcrumb\",\"itemListElement\":[{\"@type\":\"ListItem\",\"position\":1,\"name\":\"Home\",\"item\":\"https:\/\/www.imalpal.com\/it\/\"},{\"@type\":\"ListItem\",\"position\":2,\"name\":\"Governance\"}]},{\"@type\":\"WebSite\",\"@id\":\"https:\/\/www.imalpal.com\/#website\",\"url\":\"https:\/\/www.imalpal.com\/\",\"name\":\"Imalpal Group\",\"description\":\"Growing with you\",\"potentialAction\":[{\"@type\":\"SearchAction\",\"target\":{\"@type\":\"EntryPoint\",\"urlTemplate\":\"https:\/\/www.imalpal.com\/?s={search_term_string}\"},\"query-input\":{\"@type\":\"PropertyValueSpecification\",\"valueRequired\":true,\"valueName\":\"search_term_string\"}}],\"inLanguage\":\"it-IT\"}]}<\/script>\n","yoast_head_json":{"title":"Governance - Imalpal Group","robots":{"index":"index","follow":"follow","max-snippet":"max-snippet:-1","max-image-preview":"max-image-preview:large","max-video-preview":"max-video-preview:-1"},"canonical":"https:\/\/www.imalpal.com\/it\/governance\/","og_locale":"it_IT","og_type":"article","og_title":"Governance - Imalpal Group","og_url":"https:\/\/www.imalpal.com\/it\/governance\/","og_site_name":"Imalpal Group","article_modified_time":"2025-08-18T14:49:13+00:00","twitter_card":"summary_large_image","twitter_misc":{"Tempo di lettura stimato":"3 minuti"},"schema":{"@context":"https:\/\/schema.org","@graph":[{"@type":"WebPage","@id":"https:\/\/www.imalpal.com\/it\/governance\/","url":"https:\/\/www.imalpal.com\/it\/governance\/","name":"Governance - Imalpal Group","isPartOf":{"@id":"https:\/\/www.imalpal.com\/#website"},"datePublished":"2024-03-25T14:06:20+00:00","dateModified":"2025-08-18T14:49:13+00:00","breadcrumb":{"@id":"https:\/\/www.imalpal.com\/it\/governance\/#breadcrumb"},"inLanguage":"it-IT","potentialAction":[{"@type":"ReadAction","target":["https:\/\/www.imalpal.com\/it\/governance\/"]}]},{"@type":"BreadcrumbList","@id":"https:\/\/www.imalpal.com\/it\/governance\/#breadcrumb","itemListElement":[{"@type":"ListItem","position":1,"name":"Home","item":"https:\/\/www.imalpal.com\/it\/"},{"@type":"ListItem","position":2,"name":"Governance"}]},{"@type":"WebSite","@id":"https:\/\/www.imalpal.com\/#website","url":"https:\/\/www.imalpal.com\/","name":"Imalpal Group","description":"Growing with you","potentialAction":[{"@type":"SearchAction","target":{"@type":"EntryPoint","urlTemplate":"https:\/\/www.imalpal.com\/?s={search_term_string}"},"query-input":{"@type":"PropertyValueSpecification","valueRequired":true,"valueName":"search_term_string"}}],"inLanguage":"it-IT"}]}},"acf":[],"_links":{"self":[{"href":"https:\/\/www.imalpal.com\/it\/wp-json\/wp\/v2\/pages\/6728","targetHints":{"allow":["GET"]}}],"collection":[{"href":"https:\/\/www.imalpal.com\/it\/wp-json\/wp\/v2\/pages"}],"about":[{"href":"https:\/\/www.imalpal.com\/it\/wp-json\/wp\/v2\/types\/page"}],"author":[{"embeddable":true,"href":"https:\/\/www.imalpal.com\/it\/wp-json\/wp\/v2\/users\/9"}],"replies":[{"embeddable":true,"href":"https:\/\/www.imalpal.com\/it\/wp-json\/wp\/v2\/comments?post=6728"}],"version-history":[{"count":66,"href":"https:\/\/www.imalpal.com\/it\/wp-json\/wp\/v2\/pages\/6728\/revisions"}],"predecessor-version":[{"id":9144,"href":"https:\/\/www.imalpal.com\/it\/wp-json\/wp\/v2\/pages\/6728\/revisions\/9144"}],"wp:attachment":[{"href":"https:\/\/www.imalpal.com\/it\/wp-json\/wp\/v2\/media?parent=6728"}],"curies":[{"name":"wp","href":"https:\/\/api.w.org\/{rel}","templated":true}]}}